{"id":3516,"date":"2021-06-21T13:58:39","date_gmt":"2021-06-21T13:58:39","guid":{"rendered":"https:\/\/drivancarrasco.com.ec\/?page_id=3516"},"modified":"2021-06-27T14:02:01","modified_gmt":"2021-06-27T14:02:01","slug":"osteoporosis-3","status":"publish","type":"page","link":"https:\/\/drivancarrasco.com.ec\/index.php\/osteoporosis-3\/","title":{"rendered":"Osteoporosis"},"content":{"rendered":"\n<div class=\"wp-block-ive-carousel alignnone\"><div class=\"ive-carousel-wrap ive-carousel-id_d1cb83-8a ive-carousel-has-3-tabs ive-active-tab-1 ive-carousel-layout-tabs ive-carousel-tablet-layout-inherit ive-carousel-mobile-layout-inherit \"><div class=\"ive-carousel-content-wrap owl-carousel owl-theme\" data-margin=\"0\" data-stagepadding=\"0\" data-rewind=\"true\" data-autoplay=\"true\" data-autoplaytimeout=\"5000\" data-autoplayhoverpause=\"true\" data-autoplayspeed=\"5000\" data-navspeed=\"5000\" data-dotsspeed=\"5000\" data-loop=\"true\" data-responsive-desk=\"1\" data-responsive-tab=\"1\" data-responsive-mob=\"1\" data-navtextprev=\"fas fa-angle-left\" data-navtextnext=\"fas fa-angle-right\" data-navbtntype=\"icon\">\n<div class=\"wp-block-ive-slide ive-slide-inner-content ive-inner-tab-1 ive-inner-tab_7306c1-4c\"><div class=\"ive-slide-inner-content-inner\">\n<div class=\"wp-block-cover has-background-dim\"><img loading=\"lazy\" decoding=\"async\" width=\"1600\" height=\"562\" class=\"wp-block-cover__image-background wp-image-3441\" alt=\"\" src=\"https:\/\/drivancarrasco.com.ec\/wp-content\/uploads\/2021\/06\/carrasco-1600.jpg\" data-object-fit=\"cover\" srcset=\"https:\/\/drivancarrasco.com.ec\/wp-content\/uploads\/2021\/06\/carrasco-1600.jpg 1600w, https:\/\/drivancarrasco.com.ec\/wp-content\/uploads\/2021\/06\/carrasco-1600-300x105.jpg 300w, https:\/\/drivancarrasco.com.ec\/wp-content\/uploads\/2021\/06\/carrasco-1600-1024x360.jpg 1024w, https:\/\/drivancarrasco.com.ec\/wp-content\/uploads\/2021\/06\/carrasco-1600-768x270.jpg 768w, https:\/\/drivancarrasco.com.ec\/wp-content\/uploads\/2021\/06\/carrasco-1600-1536x540.jpg 1536w, https:\/\/drivancarrasco.com.ec\/wp-content\/uploads\/2021\/06\/carrasco-1600-600x211.jpg 600w\" sizes=\"auto, (max-width: 1600px) 100vw, 1600px\" \/><div class=\"wp-block-cover__inner-container is-layout-flow wp-block-cover-is-layout-flow\">\n<h1 class=\"wp-block-heading\">Dr. Ivan Carrasco<br><strong>Endocrinolog\u00eda<\/strong><\/h1>\n\n\n\n<p>Especializados en Endocrinologia<\/p>\n<\/div><\/div>\n<\/div><\/div>\n\n\n\n<div class=\"wp-block-ive-slide ive-slide-inner-content ive-inner-tab-2 ive-inner-tab_0f611b-80\"><div class=\"ive-slide-inner-content-inner\">\n<div class=\"wp-block-cover has-background-dim\"><img loading=\"lazy\" decoding=\"async\" width=\"1600\" height=\"565\" class=\"wp-block-cover__image-background wp-image-3430\" alt=\"\" src=\"https:\/\/drivancarrasco.com.ec\/wp-content\/uploads\/2021\/06\/2.png\" data-object-fit=\"cover\" srcset=\"https:\/\/drivancarrasco.com.ec\/wp-content\/uploads\/2021\/06\/2.png 1600w, https:\/\/drivancarrasco.com.ec\/wp-content\/uploads\/2021\/06\/2-300x106.png 300w, https:\/\/drivancarrasco.com.ec\/wp-content\/uploads\/2021\/06\/2-1024x362.png 1024w, https:\/\/drivancarrasco.com.ec\/wp-content\/uploads\/2021\/06\/2-768x271.png 768w, https:\/\/drivancarrasco.com.ec\/wp-content\/uploads\/2021\/06\/2-1536x542.png 1536w, https:\/\/drivancarrasco.com.ec\/wp-content\/uploads\/2021\/06\/2-600x212.png 600w\" sizes=\"auto, (max-width: 1600px) 100vw, 1600px\" \/><div class=\"wp-block-cover__inner-container is-layout-flow wp-block-cover-is-layout-flow\">\n<p class=\"has-text-align-center has-large-font-size\"><strong>10 A\u0143OS de experiencia en Tiroides, <\/strong><br>Osteoporosis y Diabetes<\/p>\n<\/div><\/div>\n<\/div><\/div>\n\n\n\n<div class=\"wp-block-ive-slide ive-slide-inner-content ive-inner-tab-3 ive-inner-tab_a0712b-54\"><div class=\"ive-slide-inner-content-inner\">\n<div class=\"wp-block-cover has-background-dim\"><img loading=\"lazy\" decoding=\"async\" width=\"1600\" height=\"565\" class=\"wp-block-cover__image-background wp-image-3432\" alt=\"\" src=\"https:\/\/drivancarrasco.com.ec\/wp-content\/uploads\/2021\/06\/3.png\" data-object-fit=\"cover\" srcset=\"https:\/\/drivancarrasco.com.ec\/wp-content\/uploads\/2021\/06\/3.png 1600w, https:\/\/drivancarrasco.com.ec\/wp-content\/uploads\/2021\/06\/3-300x106.png 300w, https:\/\/drivancarrasco.com.ec\/wp-content\/uploads\/2021\/06\/3-1024x362.png 1024w, https:\/\/drivancarrasco.com.ec\/wp-content\/uploads\/2021\/06\/3-768x271.png 768w, https:\/\/drivancarrasco.com.ec\/wp-content\/uploads\/2021\/06\/3-1536x542.png 1536w, https:\/\/drivancarrasco.com.ec\/wp-content\/uploads\/2021\/06\/3-600x212.png 600w\" sizes=\"auto, (max-width: 1600px) 100vw, 1600px\" \/><div class=\"wp-block-cover__inner-container is-layout-flow wp-block-cover-is-layout-flow\">\n<h2 class=\"has-text-align-center wp-block-heading\">Que esperas.. AGENDA<\/h2>\n\n\n\n<p class=\"has-text-align-center has-white-color has-text-color\"><a href=\"https:\/\/api.whatsapp.com\/send?phone=593996585669&amp;text=Buen%20Dia%20dese%20Obtener%20Una%20Cita%F0%9F%98%80\" data-type=\"URL\" data-id=\"https:\/\/api.whatsapp.com\/send?phone=593996585669&amp;text=Buen%20Dia%20dese%20Obtener%20Una%20Cita%F0%9F%98%80\">Tu Cita Preventiva<\/a><\/p>\n<\/div><\/div>\n<\/div><\/div>\n<\/div><\/div><\/div>\n\n\n\n<div class=\"wp-block-columns is-layout-flex wp-container-core-columns-is-layout-9d6595d7 wp-block-columns-is-layout-flex\">\n<div class=\"wp-block-column is-layout-flow wp-block-column-is-layout-flow\">\n<div class=\"wp-block-group\"><div class=\"wp-block-group__inner-container is-layout-flow wp-block-group-is-layout-flow\">\n<div class=\"wp-block-columns is-layout-flex wp-container-core-columns-is-layout-9d6595d7 wp-block-columns-is-layout-flex\">\n<div class=\"wp-block-column is-vertically-aligned-bottom is-layout-flow wp-block-column-is-layout-flow\" style=\"flex-basis:100%\">\n<div class=\"wp-block-ive-ibtana-visual-editorheading\"><div class=\"ive-advanced-text-wrap ive-div-advance-text_92760b-56 undefined text-left text-md-center text-lg-left text-xl-left\"><h2 class=\"ive-heading-parent undefined ive-advanced-text-inner-wrap ive-adv-advance-text_92760b-56 ive-lh-xs-30 ive-lh-sm-30 ive-lh-md-30 ive-lh-lg-30 ive-lh-xl-25\" id=\"ive-adv-advance-text_92760b-56\"><br><br><strong>\u00bfQu\u00e9 es?<\/strong><br>La osteoporosis es una enfermedad esquel\u00e9tica en la que se produce una disminuci\u00f3n de la densidad de masa \u00f3sea. As\u00ed, los huesos se vuelven m\u00e1s porosos, aumenta el n\u00famero y el tama\u00f1o de las cavidades o celdillas que existen en su interior, son m\u00e1s fr\u00e1giles, resisten peor los golpes y se rompen con mayor facilidad.<br><strong>Tratamiento<\/strong><br>El objetivo del tratamiento de la osteoporosis es la reducci\u00f3n del n\u00famero de fracturas por fragilidad.<br>Como medida generalizada se recomienda mantener h\u00e1bitos de vida saludable, como una dieta equilibrada rica en calcio, abandonar el tabaco y el consumo excesivo de alcohol, as\u00ed como realizar ejercicio diariamente con control para evitar ca\u00eddas. Adem\u00e1s, algunas personas pueden requerir suplementos de calcio y vitamina D.<\/h2><\/div><\/div>\n<\/div>\n<\/div>\n<\/div><\/div>\n<\/div>\n\n\n\n<div class=\"wp-block-column is-layout-flow wp-block-column-is-layout-flow\">\n<figure class=\"wp-block-image alignwide size-medium is-style-default\"><img loading=\"lazy\" decoding=\"async\" width=\"300\" height=\"300\" src=\"https:\/\/drivancarrasco.com.ec\/wp-content\/uploads\/2021\/04\/164637470_306009950854723_1774298053263315137_n-300x300.png\" alt=\"\" class=\"wp-image-3003\" srcset=\"https:\/\/drivancarrasco.com.ec\/wp-content\/uploads\/2021\/04\/164637470_306009950854723_1774298053263315137_n-300x300.png 300w, https:\/\/drivancarrasco.com.ec\/wp-content\/uploads\/2021\/04\/164637470_306009950854723_1774298053263315137_n-100x100.png 100w, https:\/\/drivancarrasco.com.ec\/wp-content\/uploads\/2021\/04\/164637470_306009950854723_1774298053263315137_n-600x600.png 600w, https:\/\/drivancarrasco.com.ec\/wp-content\/uploads\/2021\/04\/164637470_306009950854723_1774298053263315137_n-1024x1024.png 1024w, https:\/\/drivancarrasco.com.ec\/wp-content\/uploads\/2021\/04\/164637470_306009950854723_1774298053263315137_n-150x150.png 150w, https:\/\/drivancarrasco.com.ec\/wp-content\/uploads\/2021\/04\/164637470_306009950854723_1774298053263315137_n-768x768.png 768w, https:\/\/drivancarrasco.com.ec\/wp-content\/uploads\/2021\/04\/164637470_306009950854723_1774298053263315137_n-80x80.png 80w, https:\/\/drivancarrasco.com.ec\/wp-content\/uploads\/2021\/04\/164637470_306009950854723_1774298053263315137_n-624x624.png 624w, https:\/\/drivancarrasco.com.ec\/wp-content\/uploads\/2021\/04\/164637470_306009950854723_1774298053263315137_n.png 1200w\" sizes=\"auto, (max-width: 300px) 100vw, 300px\" \/><\/figure>\n<\/div>\n<\/div>\n\n\n\n<p><\/p>\n\n\n\n<div class=\"row\"><div class=\"col-lg-4 col-md-6 col-sm-6\">\n                        <div class=\"department-box\">\n                          <div class=\"depart-img\">\n                              <img decoding=\"async\" src=\"https:\/\/drivancarrasco.com.ec\/wp-content\/uploads\/2021\/06\/2-1.png\" \/>\n                          <\/div>\n                          <div class=\"department-img\">\n                            <div class=\"department-meta\">\n                              <img decoding=\"async\" class=\"\" src=\"https:\/\/drivancarrasco.com.ec\/wp-content\/themes\/vw-medical-care-pro\/assets\/images\/department\/titleline2.png\">\n                             <\/div>\n                          <\/div>\n                        <\/div>\n                        <div class=\"row department-data\">\n                          <div class=\"col-lg-9 col-md-9\">\n                            <h3 class=\"department-title\"><a href=\"https:\/\/drivancarrasco.com.ec\/index.php\/department\/maternity-services\/\">Alimentaci\u00f3n Saludable<\/a><\/h3>\n                          <\/div>\n                          <div class=\"col-lg-3 col-md-3\">\n                          <a href=\"https:\/\/drivancarrasco.com.ec\/index.php\/department\/maternity-services\/\"><span class=\"department-icon\"><i class=\"fa fa-angle-right\"><\/i><\/span> .<\/a>\n                       \n                          <\/div>  \n                        <\/div>\n                     <\/div><div class=\"col-lg-4 col-md-6 col-sm-6\">\n                        <div class=\"department-box\">\n                          <div class=\"depart-img\">\n                              <img decoding=\"async\" src=\"https:\/\/drivancarrasco.com.ec\/wp-content\/uploads\/2021\/06\/1-2.png\" \/>\n                          <\/div>\n                          <div class=\"department-img\">\n                            <div class=\"department-meta\">\n                              <img decoding=\"async\" class=\"\" src=\"https:\/\/drivancarrasco.com.ec\/wp-content\/themes\/vw-medical-care-pro\/assets\/images\/department\/titleline2.png\">\n                             <\/div>\n                          <\/div>\n                        <\/div>\n                        <div class=\"row department-data\">\n                          <div class=\"col-lg-9 col-md-9\">\n                            <h3 class=\"department-title\"><a href=\"https:\/\/drivancarrasco.com.ec\/index.php\/department\/womens-health\/\">Teletrabajo<\/a><\/h3>\n                          <\/div>\n                          <div class=\"col-lg-3 col-md-3\">\n                          <a href=\"https:\/\/drivancarrasco.com.ec\/index.php\/department\/womens-health\/\"><span class=\"department-icon\"><i class=\"fa fa-angle-right\"><\/i><\/span> .<\/a>\n                       \n                          <\/div>  \n                        <\/div>\n                     <\/div><div class=\"clearfix\"><\/div><div class=\"col-lg-4 col-md-6 col-sm-6\">\n                        <div class=\"department-box\">\n                          <div class=\"depart-img\">\n                              <img decoding=\"async\" src=\"https:\/\/drivancarrasco.com.ec\/wp-content\/uploads\/2021\/06\/3-1.png\" \/>\n                          <\/div>\n                          <div class=\"department-img\">\n                            <div class=\"department-meta\">\n                              <img decoding=\"async\" class=\"\" src=\"https:\/\/drivancarrasco.com.ec\/wp-content\/themes\/vw-medical-care-pro\/assets\/images\/department\/titleline2.png\">\n                             <\/div>\n                          <\/div>\n                        <\/div>\n                        <div class=\"row department-data\">\n                          <div class=\"col-lg-9 col-md-9\">\n                            <h3 class=\"department-title\"><a href=\"https:\/\/drivancarrasco.com.ec\/index.php\/department\/orthopedic\/\">Ejercicio<\/a><\/h3>\n                          <\/div>\n                          <div class=\"col-lg-3 col-md-3\">\n                          <a href=\"https:\/\/drivancarrasco.com.ec\/index.php\/department\/orthopedic\/\"><span class=\"department-icon\"><i class=\"fa fa-angle-right\"><\/i><\/span> .<\/a>\n                       \n                          <\/div>  \n                        <\/div>\n                     <\/div><\/div>\n","protected":false},"excerpt":{"rendered":"EJERCICIO: Por norma general y en todas las edades, el introducir el ejercicio f\u00edsico de una forma regular en nuestra vida cotidiana no siempre nos resulta f\u00e1cil. Esto es debido a m\u00faltiples factores como son: la velocidad con que vivimos, la utilizaci\u00f3n del coche o moto, estamos sentados la mayor parte del d\u00eda viendo televisi\u00f3n [...]","protected":false},"author":1,"featured_media":0,"parent":0,"menu_order":0,"comment_status":"closed","ping_status":"closed","template":"","meta":{"footnotes":""},"class_list":["post-3516","page","type-page","status-publish","hentry"],"_links":{"self":[{"href":"https:\/\/drivancarrasco.com.ec\/index.php\/wp-json\/wp\/v2\/pages\/3516","targetHints":{"allow":["GET"]}}],"collection":[{"href":"https:\/\/drivancarrasco.com.ec\/index.php\/wp-json\/wp\/v2\/pages"}],"about":[{"href":"https:\/\/drivancarrasco.com.ec\/index.php\/wp-json\/wp\/v2\/types\/page"}],"author":[{"embeddable":true,"href":"https:\/\/drivancarrasco.com.ec\/index.php\/wp-json\/wp\/v2\/users\/1"}],"replies":[{"embeddable":true,"href":"https:\/\/drivancarrasco.com.ec\/index.php\/wp-json\/wp\/v2\/comments?post=3516"}],"version-history":[{"count":87,"href":"https:\/\/drivancarrasco.com.ec\/index.php\/wp-json\/wp\/v2\/pages\/3516\/revisions"}],"predecessor-version":[{"id":3668,"href":"https:\/\/drivancarrasco.com.ec\/index.php\/wp-json\/wp\/v2\/pages\/3516\/revisions\/3668"}],"wp:attachment":[{"href":"https:\/\/drivancarrasco.com.ec\/index.php\/wp-json\/wp\/v2\/media?parent=3516"}],"curies":[{"name":"wp","href":"https:\/\/api.w.org\/{rel}","templated":true}]}}