{"id":3673,"date":"2021-07-05T13:59:15","date_gmt":"2021-07-05T13:59:15","guid":{"rendered":"https:\/\/drivancarrasco.com.ec\/?page_id=3673"},"modified":"2021-07-05T13:59:17","modified_gmt":"2021-07-05T13:59:17","slug":"tiroides-2","status":"publish","type":"page","link":"https:\/\/drivancarrasco.com.ec\/index.php\/tiroides-2\/","title":{"rendered":"Tiroides"},"content":{"rendered":"\n<div class=\"wp-block-ive-carousel alignnone\"><div class=\"ive-carousel-wrap ive-carousel-id_d1cb83-8a ive-carousel-has-3-tabs ive-active-tab-1 ive-carousel-layout-tabs ive-carousel-tablet-layout-inherit ive-carousel-mobile-layout-inherit \"><div class=\"ive-carousel-content-wrap owl-carousel owl-theme\" data-margin=\"0\" data-stagepadding=\"0\" data-rewind=\"true\" data-autoplay=\"true\" data-autoplaytimeout=\"5000\" data-autoplayhoverpause=\"true\" data-autoplayspeed=\"5000\" data-navspeed=\"5000\" data-dotsspeed=\"5000\" data-loop=\"true\" data-responsive-desk=\"1\" data-responsive-tab=\"1\" data-responsive-mob=\"1\" data-navtextprev=\"fas fa-angle-left\" data-navtextnext=\"fas fa-angle-right\" data-navbtntype=\"icon\">\n<div class=\"wp-block-ive-slide ive-slide-inner-content ive-inner-tab-1 ive-inner-tab_867cd4-6a\"><div class=\"ive-slide-inner-content-inner\">\n<div class=\"wp-block-cover has-background-dim\"><img loading=\"lazy\" decoding=\"async\" width=\"1600\" height=\"562\" class=\"wp-block-cover__image-background wp-image-3441\" alt=\"\" src=\"https:\/\/drivancarrasco.com.ec\/wp-content\/uploads\/2021\/06\/carrasco-1600.jpg\" data-object-fit=\"cover\" srcset=\"https:\/\/drivancarrasco.com.ec\/wp-content\/uploads\/2021\/06\/carrasco-1600.jpg 1600w, https:\/\/drivancarrasco.com.ec\/wp-content\/uploads\/2021\/06\/carrasco-1600-300x105.jpg 300w, https:\/\/drivancarrasco.com.ec\/wp-content\/uploads\/2021\/06\/carrasco-1600-1024x360.jpg 1024w, https:\/\/drivancarrasco.com.ec\/wp-content\/uploads\/2021\/06\/carrasco-1600-768x270.jpg 768w, https:\/\/drivancarrasco.com.ec\/wp-content\/uploads\/2021\/06\/carrasco-1600-1536x540.jpg 1536w, https:\/\/drivancarrasco.com.ec\/wp-content\/uploads\/2021\/06\/carrasco-1600-600x211.jpg 600w\" sizes=\"auto, (max-width: 1600px) 100vw, 1600px\" \/><div class=\"wp-block-cover__inner-container is-layout-flow wp-block-cover-is-layout-flow\">\n<h1 class=\"wp-block-heading\">Dr. Ivan Carrasco<br><strong>Endocrinolog\u00eda<\/strong><\/h1>\n\n\n\n<p>Especializados en Endocrinologia<\/p>\n<\/div><\/div>\n<\/div><\/div>\n\n\n\n<div class=\"wp-block-ive-slide ive-slide-inner-content ive-inner-tab-2 ive-inner-tab_b7a5b9-4b\"><div class=\"ive-slide-inner-content-inner\">\n<div class=\"wp-block-cover has-background-dim\"><img loading=\"lazy\" decoding=\"async\" width=\"1600\" height=\"565\" class=\"wp-block-cover__image-background wp-image-3430\" alt=\"\" src=\"https:\/\/drivancarrasco.com.ec\/wp-content\/uploads\/2021\/06\/2.png\" data-object-fit=\"cover\" srcset=\"https:\/\/drivancarrasco.com.ec\/wp-content\/uploads\/2021\/06\/2.png 1600w, https:\/\/drivancarrasco.com.ec\/wp-content\/uploads\/2021\/06\/2-300x106.png 300w, https:\/\/drivancarrasco.com.ec\/wp-content\/uploads\/2021\/06\/2-1024x362.png 1024w, https:\/\/drivancarrasco.com.ec\/wp-content\/uploads\/2021\/06\/2-768x271.png 768w, https:\/\/drivancarrasco.com.ec\/wp-content\/uploads\/2021\/06\/2-1536x542.png 1536w, https:\/\/drivancarrasco.com.ec\/wp-content\/uploads\/2021\/06\/2-600x212.png 600w\" sizes=\"auto, (max-width: 1600px) 100vw, 1600px\" \/><div class=\"wp-block-cover__inner-container is-layout-flow wp-block-cover-is-layout-flow\">\n<p class=\"has-text-align-center has-large-font-size\"><strong>10 A\u0143OS de experiencia en Tiroides, <\/strong><br>Osteoporosis y Diabetes<\/p>\n<\/div><\/div>\n<\/div><\/div>\n\n\n\n<div class=\"wp-block-ive-slide ive-slide-inner-content ive-inner-tab-3 ive-inner-tab_3e145c-44\"><div class=\"ive-slide-inner-content-inner\">\n<div class=\"wp-block-cover has-background-dim\"><img loading=\"lazy\" decoding=\"async\" width=\"1600\" height=\"565\" class=\"wp-block-cover__image-background wp-image-3432\" alt=\"\" src=\"https:\/\/drivancarrasco.com.ec\/wp-content\/uploads\/2021\/06\/3.png\" data-object-fit=\"cover\" srcset=\"https:\/\/drivancarrasco.com.ec\/wp-content\/uploads\/2021\/06\/3.png 1600w, https:\/\/drivancarrasco.com.ec\/wp-content\/uploads\/2021\/06\/3-300x106.png 300w, https:\/\/drivancarrasco.com.ec\/wp-content\/uploads\/2021\/06\/3-1024x362.png 1024w, https:\/\/drivancarrasco.com.ec\/wp-content\/uploads\/2021\/06\/3-768x271.png 768w, https:\/\/drivancarrasco.com.ec\/wp-content\/uploads\/2021\/06\/3-1536x542.png 1536w, https:\/\/drivancarrasco.com.ec\/wp-content\/uploads\/2021\/06\/3-600x212.png 600w\" sizes=\"auto, (max-width: 1600px) 100vw, 1600px\" \/><div class=\"wp-block-cover__inner-container is-layout-flow wp-block-cover-is-layout-flow\">\n<h2 class=\"has-text-align-center wp-block-heading\">Que esperas.. AGENDA<\/h2>\n\n\n\n<p class=\"has-text-align-center has-white-color has-text-color\"><a href=\"https:\/\/api.whatsapp.com\/send?phone=593996585669&amp;text=Buen%20Dia%20dese%20Obtener%20Una%20Cita%F0%9F%98%80\" data-type=\"URL\" data-id=\"https:\/\/api.whatsapp.com\/send?phone=593996585669&amp;text=Buen%20Dia%20dese%20Obtener%20Una%20Cita%F0%9F%98%80\">Tu Cita Preventiva<\/a><\/p>\n<\/div><\/div>\n<\/div><\/div>\n<\/div><\/div><\/div>\n\n\n\n<div class=\"wp-block-columns is-layout-flex wp-container-core-columns-is-layout-9d6595d7 wp-block-columns-is-layout-flex\">\n<div class=\"wp-block-column is-layout-flow wp-block-column-is-layout-flow\">\n<div class=\"wp-block-group\"><div class=\"wp-block-group__inner-container is-layout-flow wp-block-group-is-layout-flow\">\n<div class=\"wp-block-columns is-layout-flex wp-container-core-columns-is-layout-9d6595d7 wp-block-columns-is-layout-flex\">\n<div class=\"wp-block-column is-vertically-aligned-bottom is-layout-flow wp-block-column-is-layout-flow\" style=\"flex-basis:100%\">\n<div class=\"wp-block-ive-ibtana-visual-editorheading\"><div class=\"ive-advanced-text-wrap ive-div-advance-text_c81db4-92 undefined text-left text-md-center text-lg-left text-xl-left\"><h2 class=\"ive-heading-parent undefined ive-advanced-text-inner-wrap ive-adv-advance-text_c81db4-92 ive-lh-xs-30 ive-lh-sm-30 ive-lh-md-30 ive-lh-lg-30 ive-lh-xl-25\" id=\"ive-adv-advance-text_c81db4-92\"><br><br><strong>\u00bf\u00bfQu\u00e9 es?<br><\/strong>La tiroides es una gl\u00e1ndula peque\u00f1a con forma de mariposa, ubicada en la base de la parte frontal del cuello, justo debajo de la nuez de Ad\u00e1n. Las hormonas que produce la gl\u00e1ndula tiroides, triyodotironina (T3) y tiroxina (T4), causan gran impacto en tu salud y afectan todos los aspectos de tu metabolismo.<br><strong><br>Tratamiento<br><\/strong><br>Existen varios tratamientos para el hipertiroidismo. El mejor enfoque depende de la edad del paciente, la condici\u00f3n f\u00edsica, la causa de base del hipertiroidismo, preferencias personales y la gravedad de la afecci\u00f3n. Los posibles tratamientos incluyen los siguientes:<br><strong><br>*.- Yodo radioactivo.<\/strong><br><strong><br>*.- Medicamentos antitiroides.<\/strong><br><strong><br>*.- Betabloqueadores.<\/strong><\/h2><\/div><\/div>\n<\/div>\n<\/div>\n<\/div><\/div>\n<\/div>\n\n\n\n<div class=\"wp-block-column is-layout-flow wp-block-column-is-layout-flow\">\n<figure class=\"wp-block-image size-large is-style-default\"><img loading=\"lazy\" decoding=\"async\" width=\"1024\" height=\"1024\" src=\"https:\/\/drivancarrasco.com.ec\/wp-content\/uploads\/2021\/04\/161078812_301693834619668_2417832571625458191_n-1024x1024.jpg\" alt=\"\" class=\"wp-image-3001\" srcset=\"https:\/\/drivancarrasco.com.ec\/wp-content\/uploads\/2021\/04\/161078812_301693834619668_2417832571625458191_n-1024x1024.jpg 1024w, https:\/\/drivancarrasco.com.ec\/wp-content\/uploads\/2021\/04\/161078812_301693834619668_2417832571625458191_n-300x300.jpg 300w, https:\/\/drivancarrasco.com.ec\/wp-content\/uploads\/2021\/04\/161078812_301693834619668_2417832571625458191_n-100x100.jpg 100w, https:\/\/drivancarrasco.com.ec\/wp-content\/uploads\/2021\/04\/161078812_301693834619668_2417832571625458191_n-600x600.jpg 600w, https:\/\/drivancarrasco.com.ec\/wp-content\/uploads\/2021\/04\/161078812_301693834619668_2417832571625458191_n-150x150.jpg 150w, https:\/\/drivancarrasco.com.ec\/wp-content\/uploads\/2021\/04\/161078812_301693834619668_2417832571625458191_n-768x768.jpg 768w, https:\/\/drivancarrasco.com.ec\/wp-content\/uploads\/2021\/04\/161078812_301693834619668_2417832571625458191_n-80x80.jpg 80w, https:\/\/drivancarrasco.com.ec\/wp-content\/uploads\/2021\/04\/161078812_301693834619668_2417832571625458191_n-624x624.jpg 624w, https:\/\/drivancarrasco.com.ec\/wp-content\/uploads\/2021\/04\/161078812_301693834619668_2417832571625458191_n.jpg 1200w\" sizes=\"auto, (max-width: 1024px) 100vw, 1024px\" \/><\/figure>\n<\/div>\n<\/div>\n\n\n\n<p><\/p>\n\n\n\n<div class=\"row\"><div class=\"col-lg-4 col-md-6 col-sm-6\">\n                        <div class=\"department-box\">\n                          <div class=\"depart-img\">\n                              <img decoding=\"async\" src=\"https:\/\/drivancarrasco.com.ec\/wp-content\/uploads\/2021\/06\/2-1.png\" \/>\n                          <\/div>\n                          <div class=\"department-img\">\n                            <div class=\"department-meta\">\n                              <img decoding=\"async\" class=\"\" src=\"https:\/\/drivancarrasco.com.ec\/wp-content\/themes\/vw-medical-care-pro\/assets\/images\/department\/titleline2.png\">\n                             <\/div>\n                          <\/div>\n                        <\/div>\n                        <div class=\"row department-data\">\n                          <div class=\"col-lg-9 col-md-9\">\n                            <h3 class=\"department-title\"><a href=\"https:\/\/drivancarrasco.com.ec\/index.php\/department\/maternity-services\/\">Alimentaci\u00f3n Saludable<\/a><\/h3>\n                          <\/div>\n                          <div class=\"col-lg-3 col-md-3\">\n                          <a href=\"https:\/\/drivancarrasco.com.ec\/index.php\/department\/maternity-services\/\"><span class=\"department-icon\"><i class=\"fa fa-angle-right\"><\/i><\/span> .<\/a>\n                       \n                          <\/div>  \n                        <\/div>\n                     <\/div><div class=\"col-lg-4 col-md-6 col-sm-6\">\n                        <div class=\"department-box\">\n                          <div class=\"depart-img\">\n                              <img decoding=\"async\" src=\"https:\/\/drivancarrasco.com.ec\/wp-content\/uploads\/2021\/06\/1-2.png\" \/>\n                          <\/div>\n                          <div class=\"department-img\">\n                            <div class=\"department-meta\">\n                              <img decoding=\"async\" class=\"\" src=\"https:\/\/drivancarrasco.com.ec\/wp-content\/themes\/vw-medical-care-pro\/assets\/images\/department\/titleline2.png\">\n                             <\/div>\n                          <\/div>\n                        <\/div>\n                        <div class=\"row department-data\">\n                          <div class=\"col-lg-9 col-md-9\">\n                            <h3 class=\"department-title\"><a href=\"https:\/\/drivancarrasco.com.ec\/index.php\/department\/womens-health\/\">Teletrabajo<\/a><\/h3>\n                          <\/div>\n                          <div class=\"col-lg-3 col-md-3\">\n                          <a href=\"https:\/\/drivancarrasco.com.ec\/index.php\/department\/womens-health\/\"><span class=\"department-icon\"><i class=\"fa fa-angle-right\"><\/i><\/span> .<\/a>\n                       \n                          <\/div>  \n                        <\/div>\n                     <\/div><div class=\"clearfix\"><\/div><div class=\"col-lg-4 col-md-6 col-sm-6\">\n                        <div class=\"department-box\">\n                          <div class=\"depart-img\">\n                              <img decoding=\"async\" src=\"https:\/\/drivancarrasco.com.ec\/wp-content\/uploads\/2021\/06\/3-1.png\" \/>\n                          <\/div>\n                          <div class=\"department-img\">\n                            <div class=\"department-meta\">\n                              <img decoding=\"async\" class=\"\" src=\"https:\/\/drivancarrasco.com.ec\/wp-content\/themes\/vw-medical-care-pro\/assets\/images\/department\/titleline2.png\">\n                             <\/div>\n                          <\/div>\n                        <\/div>\n                        <div class=\"row department-data\">\n                          <div class=\"col-lg-9 col-md-9\">\n                            <h3 class=\"department-title\"><a href=\"https:\/\/drivancarrasco.com.ec\/index.php\/department\/orthopedic\/\">Ejercicio<\/a><\/h3>\n                          <\/div>\n                          <div class=\"col-lg-3 col-md-3\">\n                          <a href=\"https:\/\/drivancarrasco.com.ec\/index.php\/department\/orthopedic\/\"><span class=\"department-icon\"><i class=\"fa fa-angle-right\"><\/i><\/span> .<\/a>\n                       \n                          <\/div>  \n                        <\/div>\n                     <\/div><\/div>\n","protected":false},"excerpt":{"rendered":"EJERCICIO: Por norma general y en todas las edades, el introducir el ejercicio f\u00edsico de una forma regular en nuestra vida cotidiana no siempre nos resulta f\u00e1cil. Esto es debido a m\u00faltiples factores como son: la velocidad con que vivimos, la utilizaci\u00f3n del coche o moto, estamos sentados la mayor parte del d\u00eda viendo televisi\u00f3n [...]","protected":false},"author":1,"featured_media":0,"parent":0,"menu_order":0,"comment_status":"closed","ping_status":"closed","template":"","meta":{"footnotes":""},"class_list":["post-3673","page","type-page","status-publish","hentry"],"_links":{"self":[{"href":"https:\/\/drivancarrasco.com.ec\/index.php\/wp-json\/wp\/v2\/pages\/3673","targetHints":{"allow":["GET"]}}],"collection":[{"href":"https:\/\/drivancarrasco.com.ec\/index.php\/wp-json\/wp\/v2\/pages"}],"about":[{"href":"https:\/\/drivancarrasco.com.ec\/index.php\/wp-json\/wp\/v2\/types\/page"}],"author":[{"embeddable":true,"href":"https:\/\/drivancarrasco.com.ec\/index.php\/wp-json\/wp\/v2\/users\/1"}],"replies":[{"embeddable":true,"href":"https:\/\/drivancarrasco.com.ec\/index.php\/wp-json\/wp\/v2\/comments?post=3673"}],"version-history":[{"count":1,"href":"https:\/\/drivancarrasco.com.ec\/index.php\/wp-json\/wp\/v2\/pages\/3673\/revisions"}],"predecessor-version":[{"id":3674,"href":"https:\/\/drivancarrasco.com.ec\/index.php\/wp-json\/wp\/v2\/pages\/3673\/revisions\/3674"}],"wp:attachment":[{"href":"https:\/\/drivancarrasco.com.ec\/index.php\/wp-json\/wp\/v2\/media?parent=3673"}],"curies":[{"name":"wp","href":"https:\/\/api.w.org\/{rel}","templated":true}]}}