{"id":3688,"date":"2021-07-14T13:12:19","date_gmt":"2021-07-14T13:12:19","guid":{"rendered":"https:\/\/drivancarrasco.com.ec\/?page_id=3688"},"modified":"2021-07-16T12:58:01","modified_gmt":"2021-07-16T12:58:01","slug":"vida-y-salud","status":"publish","type":"page","link":"https:\/\/drivancarrasco.com.ec\/index.php\/vida-y-salud\/","title":{"rendered":"Vida y Salud"},"content":{"rendered":"<p>[vc_row][vc_column][vc_column_text]Seguir un estilo de vida saludable aleja multitud de enfermedades, como el c\u00e1ncer, la EPOC (enfermedad pulmonar obstructiva cr\u00f3nica) o la obesidad, adem\u00e1s de que mejora la calidad de vida de las personas. Muchos de estos problemas de salud est\u00e1n provocados por factores de riesgo modificables, lo que significa que mediante el cambio de h\u00e1bitos insanos -relacionados con tabaquismo, dieta y sedentarismo- se podr\u00edan reducir la morbilidad y la mortalidad asociada. En este art\u00edculo se describe cu\u00e1les son los resultados de no llevar un estilo de vida saludable y qu\u00e9 recomendaciones hay que tener en cuenta para vivir mejor.<\/p>\n<p>[\/vc_column_text][\/vc_column][\/vc_row][vc_row][vc_column width=\u00bb1\/2&#8243;][vc_single_image image=\u00bb3705&#8243; img_size=\u00bbmedium\u00bb alignment=\u00bbcenter\u00bb][\/vc_column][vc_column width=\u00bb1\/2&#8243;][vc_single_image image=\u00bb3706&#8243; img_size=\u00bbmedium\u00bb alignment=\u00bbcenter\u00bb][\/vc_column][\/vc_row]<\/p>\n","protected":false},"excerpt":{"rendered":"<p>[vc_row][vc_column][vc_column_text]Seguir un estilo de vida saludable aleja multitud de enfermedades, como el c\u00e1ncer, la EPOC (enfermedad pulmonar obstructiva cr\u00f3nica) o la obesidad, adem\u00e1s de que mejora la calidad de vida de las personas. Muchos de estos problemas de salud est\u00e1n provocados por factores de riesgo modificables, lo que significa que mediante el cambio de h\u00e1bitos [&hellip;]<\/p>\n","protected":false},"author":1,"featured_media":0,"parent":0,"menu_order":0,"comment_status":"closed","ping_status":"closed","template":"","meta":{"footnotes":""},"class_list":["post-3688","page","type-page","status-publish","hentry"],"_links":{"self":[{"href":"https:\/\/drivancarrasco.com.ec\/index.php\/wp-json\/wp\/v2\/pages\/3688","targetHints":{"allow":["GET"]}}],"collection":[{"href":"https:\/\/drivancarrasco.com.ec\/index.php\/wp-json\/wp\/v2\/pages"}],"about":[{"href":"https:\/\/drivancarrasco.com.ec\/index.php\/wp-json\/wp\/v2\/types\/page"}],"author":[{"embeddable":true,"href":"https:\/\/drivancarrasco.com.ec\/index.php\/wp-json\/wp\/v2\/users\/1"}],"replies":[{"embeddable":true,"href":"https:\/\/drivancarrasco.com.ec\/index.php\/wp-json\/wp\/v2\/comments?post=3688"}],"version-history":[{"count":3,"href":"https:\/\/drivancarrasco.com.ec\/index.php\/wp-json\/wp\/v2\/pages\/3688\/revisions"}],"predecessor-version":[{"id":3707,"href":"https:\/\/drivancarrasco.com.ec\/index.php\/wp-json\/wp\/v2\/pages\/3688\/revisions\/3707"}],"wp:attachment":[{"href":"https:\/\/drivancarrasco.com.ec\/index.php\/wp-json\/wp\/v2\/media?parent=3688"}],"curies":[{"name":"wp","href":"https:\/\/api.w.org\/{rel}","templated":true}]}}