{"id":3690,"date":"2021-07-14T13:13:32","date_gmt":"2021-07-14T13:13:32","guid":{"rendered":"https:\/\/drivancarrasco.com.ec\/?page_id=3690"},"modified":"2021-07-16T12:50:32","modified_gmt":"2021-07-16T12:50:32","slug":"servicios","status":"publish","type":"page","link":"https:\/\/drivancarrasco.com.ec\/index.php\/servicios\/","title":{"rendered":"Servicios"},"content":{"rendered":"<p>[vc_row][vc_column][vc_column_text]<\/p>\n<p>El Doctor Iv\u00e1n Carrasco especializado en afecciones End\u00f3crinas y con una experiencia de m\u00e1s de 10 a\u00f1os en el tratamiento y diagn\u00f3stico de DIABETES, OSTEOPOROSIS Y TIROIDES<\/p>\n\n<p>&nbsp;<\/p>\n<p>[\/vc_column_text][\/vc_column][\/vc_row][vc_row][vc_column width=\u00bb1\/3&#8243;][\/vc_column][vc_column width=\u00bb1\/3&#8243;][vc_images_carousel images=\u00bb3698,3697&#8243; img_size=\u00bbmedium\u00bb autoplay=\u00bbyes\u00bb wrap=\u00bbyes\u00bb][\/vc_column][vc_column width=\u00bb1\/3&#8243;][\/vc_column][\/vc_row]<\/p>\n<!-- \/wp:post-content -->","protected":false},"excerpt":{"rendered":"<p>[vc_row][vc_column][vc_column_text] El Doctor Iv\u00e1n Carrasco especializado en afecciones End\u00f3crinas y con una experiencia de m\u00e1s de 10 a\u00f1os en el tratamiento y diagn\u00f3stico de DIABETES, OSTEOPOROSIS Y TIROIDES &nbsp; [\/vc_column_text][\/vc_column][\/vc_row][vc_row][vc_column width=\u00bb1\/3&#8243;][\/vc_column][vc_column width=\u00bb1\/3&#8243;][vc_images_carousel images=\u00bb3698,3697&#8243; img_size=\u00bbmedium\u00bb autoplay=\u00bbyes\u00bb wrap=\u00bbyes\u00bb][\/vc_column][vc_column width=\u00bb1\/3&#8243;][\/vc_column][\/vc_row]<\/p>\n","protected":false},"author":1,"featured_media":0,"parent":0,"menu_order":0,"comment_status":"closed","ping_status":"closed","template":"","meta":{"footnotes":""},"class_list":["post-3690","page","type-page","status-publish","hentry"],"_links":{"self":[{"href":"https:\/\/drivancarrasco.com.ec\/index.php\/wp-json\/wp\/v2\/pages\/3690","targetHints":{"allow":["GET"]}}],"collection":[{"href":"https:\/\/drivancarrasco.com.ec\/index.php\/wp-json\/wp\/v2\/pages"}],"about":[{"href":"https:\/\/drivancarrasco.com.ec\/index.php\/wp-json\/wp\/v2\/types\/page"}],"author":[{"embeddable":true,"href":"https:\/\/drivancarrasco.com.ec\/index.php\/wp-json\/wp\/v2\/users\/1"}],"replies":[{"embeddable":true,"href":"https:\/\/drivancarrasco.com.ec\/index.php\/wp-json\/wp\/v2\/comments?post=3690"}],"version-history":[{"count":6,"href":"https:\/\/drivancarrasco.com.ec\/index.php\/wp-json\/wp\/v2\/pages\/3690\/revisions"}],"predecessor-version":[{"id":3701,"href":"https:\/\/drivancarrasco.com.ec\/index.php\/wp-json\/wp\/v2\/pages\/3690\/revisions\/3701"}],"wp:attachment":[{"href":"https:\/\/drivancarrasco.com.ec\/index.php\/wp-json\/wp\/v2\/media?parent=3690"}],"curies":[{"name":"wp","href":"https:\/\/api.w.org\/{rel}","templated":true}]}}